{"id":7,"date":"2023-09-11T23:05:54","date_gmt":"2023-09-11T21:05:54","guid":{"rendered":"https:\/\/fayimed.com\/?page_id=7"},"modified":"2023-09-14T18:08:29","modified_gmt":"2023-09-14T16:08:29","slug":"landing","status":"publish","type":"page","link":"https:\/\/fayimed.com\/","title":{"rendered":"Landing"},"content":{"rendered":"<p>[et_pb_section fb_built=\u00bb1&#8243; custom_padding_last_edited=\u00bboff|phone\u00bb admin_label=\u00bbHeader\u00bb _builder_version=\u00bb4.22.1&#8243; use_background_color_gradient=\u00bbon\u00bb background_color_gradient_direction=\u00bb91deg\u00bb background_color_gradient_stops=\u00bbrgba(79,247,168,0.05) 0%|rgba(0,26,201,0.96) 100%\u00bb background_color_gradient_overlays_image=\u00bbon\u00bb background_color_gradient_start=\u00bb#3d0dad\u00bb background_color_gradient_end=\u00bbrgba(42,63,201,0.77)\u00bb background_image=\u00bbhttps:\/\/fayimed.com\/wp-content\/uploads\/2023\/09\/arseny-togulev-DE6rYp1nAho-unsplash-scaled.jpg\u00bb custom_padding=\u00bb10vw|0px|10vw|0px|true|false\u00bb custom_padding_tablet=\u00bb120px||120px||true\u00bb custom_padding_phone=\u00bb60px||60px||true\u00bb global_colors_info=\u00bb{}\u00bb][et_pb_row column_structure=\u00bb1_2,1_2&#8243; _builder_version=\u00bb4.22.1&#8243; global_colors_info=\u00bb{}\u00bb][et_pb_column type=\u00bb1_2&#8243; _builder_version=\u00bb4.22.1&#8243; custom_padding=\u00bb|||\u00bb global_colors_info=\u00bb{}\u00bb custom_padding__hover=\u00bb|||\u00bb][et_pb_image src=\u00bbhttps:\/\/fayimed.com\/wp-content\/uploads\/2023\/09\/FAYIMED-Full.png\u00bb title_text=\u00bbFAYIMED-Full\u00bb _builder_version=\u00bb4.22.1&#8243; _module_preset=\u00bbdefault\u00bb global_colors_info=\u00bb{}\u00bb][\/et_pb_image][\/et_pb_column][et_pb_column type=\u00bb1_2&#8243; _builder_version=\u00bb4.16&#8243; custom_padding=\u00bb|||\u00bb global_colors_info=\u00bb{}\u00bb custom_padding__hover=\u00bb|||\u00bb][et_pb_text _builder_version=\u00bb4.22.1&#8243; text_font=\u00bbWork Sans||||||||\u00bb text_font_size=\u00bb16px\u00bb text_line_height=\u00bb1.5em\u00bb header_font=\u00bbWork Sans|300|||||||\u00bb header_font_size=\u00bb75px\u00bb header_line_height=\u00bb1.2em\u00bb background_layout=\u00bbdark\u00bb max_width_tablet=\u00bb\u00bb max_width_phone=\u00bb\u00bb max_width_last_edited=\u00bbon|desktop\u00bb text_font_size_tablet=\u00bb16px\u00bb text_font_size_phone=\u00bb14px\u00bb text_font_size_last_edited=\u00bbon|phone\u00bb header_font_size_tablet=\u00bb40px\u00bb header_font_size_phone=\u00bb28px\u00bb header_font_size_last_edited=\u00bbon|phone\u00bb global_colors_info=\u00bb{}\u00bb text_font_size__hover=\u00bb14px\u00bb text_font_size__hover_enabled=\u00bb14px\u00bb]<\/p>\n<h1>Pr\u00f3ximamente<\/h1>\n<p>Estamos trabajando en nuestra p\u00e1gina web para ofrecerle equipos e insumos m\u00e9dicos de calidad.<\/p>\n<p>[\/et_pb_text][\/et_pb_column][\/et_pb_row][\/et_pb_section][et_pb_section fb_built=\u00bb1&#8243; specialty=\u00bbon\u00bb admin_label=\u00bbContact Info\u00bb _builder_version=\u00bb4.16&#8243; use_background_color_gradient=\u00bbon\u00bb background_color_gradient_stops=\u00bb#ffffff 0%|#eff9ff 100%\u00bb background_color_gradient_start=\u00bb#ffffff\u00bb background_color_gradient_end=\u00bb#eff9ff\u00bb background_image=\u00bbhttps:\/\/fayimed.com\/wp-content\/uploads\/2023\/09\/health-clinic-02.png\u00bb background_size=\u00bbinitial\u00bb background_position=\u00bbbottom_center\u00bb global_colors_info=\u00bb{}\u00bb][et_pb_column type=\u00bb1_2&#8243; _builder_version=\u00bb4.16&#8243; custom_padding=\u00bb|||\u00bb global_colors_info=\u00bb{}\u00bb parallax__hover=\u00bboff\u00bb parallax_method__hover=\u00bbon\u00bb custom_padding__hover=\u00bb|||\u00bb][et_pb_blurb title=\u00bbUbicaci\u00f3n\u00bb use_icon=\u00bbon\u00bb font_icon=\u00bb&#xe081;||divi||400&#8243; icon_color=\u00bb#62de9d\u00bb icon_placement=\u00bbleft\u00bb image_icon_width=\u00bb18px\u00bb content_max_width=\u00bb100%\u00bb _builder_version=\u00bb4.22.1&#8243; header_font=\u00bbWork Sans|600||on|||||\u00bb header_font_size=\u00bb14px\u00bb header_letter_spacing=\u00bb2px\u00bb header_line_height=\u00bb1.2em\u00bb body_font=\u00bbWork Sans||||||||\u00bb body_font_size=\u00bb16px\u00bb body_line_height=\u00bb1.8em\u00bb animation=\u00bboff\u00bb body_font_size_tablet=\u00bb16px\u00bb body_font_size_phone=\u00bb14px\u00bb body_font_size_last_edited=\u00bbon|phone\u00bb icon_font_size=\u00bb18px\u00bb locked=\u00bboff\u00bb global_colors_info=\u00bb{}\u00bb body_line_height__hover=\u00bb1.7em\u00bb body_line_height__hover_enabled=\u00bb1.7em\u00bb body_font_size__hover=\u00bb14px\u00bb body_font_size__hover_enabled=\u00bb14px\u00bb]<\/p>\n<p>Ciudad de Panam\u00e1, Rep. de Panam\u00e1<\/p>\n<p>[\/et_pb_blurb][et_pb_button button_text=\u00bbEncu\u00e9ntranos\u00bb _builder_version=\u00bb4.22.1&#8243; custom_button=\u00bbon\u00bb button_text_size=\u00bb16px\u00bb button_text_color=\u00bb#ffffff\u00bb button_bg_color=\u00bb#ad1100&#8243; button_border_width=\u00bb0px\u00bb button_border_radius=\u00bb5px\u00bb button_letter_spacing=\u00bb2px\u00bb button_font=\u00bbWork Sans|600||on|||||\u00bb button_use_icon=\u00bboff\u00bb custom_padding=\u00bb10px|30px|10px|30px|true|true\u00bb hover_enabled=\u00bb0&#8243; locked=\u00bboff\u00bb global_colors_info=\u00bb{}\u00bb button_bg_color__hover_enabled=\u00bbon\u00bb button_bg_color__hover=\u00bb#82ddb0&#8243; sticky_enabled=\u00bb0&#8243; button_bg_enable_color=\u00bbon\u00bb][\/et_pb_button][et_pb_image src=\u00bbhttps:\/\/fayimed.com\/wp-content\/uploads\/2023\/09\/health-clinic-82.png\u00bb align_tablet=\u00bbcenter\u00bb align_phone=\u00bbcenter\u00bb align_last_edited=\u00bbon|desktop\u00bb _builder_version=\u00bb4.16&#8243; max_width_tablet=\u00bb400px\u00bb max_width_phone=\u00bb\u00bb max_width_last_edited=\u00bbon|tablet\u00bb custom_margin=\u00bb130px|||-10vw\u00bb custom_margin_tablet=\u00bb0px|||0vw\u00bb custom_margin_phone=\u00bb\u00bb custom_margin_last_edited=\u00bbon|desktop\u00bb animation_style=\u00bbfade\u00bb locked=\u00bboff\u00bb global_colors_info=\u00bb{}\u00bb][\/et_pb_image][\/et_pb_column][et_pb_column type=\u00bb1_2&#8243; specialty_columns=\u00bb2&#8243; _builder_version=\u00bb4.16&#8243; custom_padding=\u00bb|||\u00bb global_colors_info=\u00bb{}\u00bb parallax__hover=\u00bboff\u00bb parallax_method__hover=\u00bbon\u00bb custom_padding__hover=\u00bb|||\u00bb][et_pb_row_inner padding_top_bottom_link_1=\u00bbtrue\u00bb padding_left_right_link_1=\u00bbtrue\u00bb _builder_version=\u00bb4.22.1&#8243; background_color=\u00bb#ad1100&#8243; custom_margin=\u00bb-15vw||\u00bb animation_style=\u00bbflip\u00bb hover_enabled=\u00bb0&#8243; border_radii=\u00bb|30px||30px|\u00bb box_shadow_style=\u00bbpreset3&#8243; box_shadow_vertical=\u00bb42px\u00bb box_shadow_blur=\u00bb108px\u00bb box_shadow_spread=\u00bb-26px\u00bb box_shadow_color=\u00bbrgba(98,222,157,0.64)\u00bb global_colors_info=\u00bb{}\u00bb sticky_enabled=\u00bb0&#8243; border_color_all=\u00bb#ad1100&#8243;][et_pb_column_inner saved_specialty_column_type=\u00bb1_2&#8243; _builder_version=\u00bb4.22.1&#8243; custom_padding=\u00bb40px|40px|40px|40px\u00bb hover_enabled=\u00bb0&#8243; global_colors_info=\u00bb{}\u00bb padding_bottom__hover=\u00bb40px\u00bb padding_left__hover=\u00bb40px\u00bb padding_right__hover=\u00bb40px\u00bb padding_top__hover=\u00bb40px\u00bb parallax__hover=\u00bboff\u00bb parallax_method__hover=\u00bbon\u00bb custom_padding__hover=\u00bb|||\u00bb background_color=\u00bb#ad1100&#8243; sticky_enabled=\u00bb0&#8243;][et_pb_text _builder_version=\u00bb4.22.1&#8243; text_font=\u00bbWork Sans||||||||\u00bb text_font_size=\u00bb16px\u00bb text_line_height=\u00bb1.8em\u00bb header_2_font=\u00bbWork Sans|700|||||||\u00bb header_2_font_size=\u00bb40px\u00bb header_2_line_height=\u00bb1.4em\u00bb background_layout=\u00bbdark\u00bb text_font_size_tablet=\u00bb16px\u00bb text_font_size_phone=\u00bb14px\u00bb text_font_size_last_edited=\u00bbon|phone\u00bb header_2_font_size_tablet=\u00bb30px\u00bb header_2_font_size_phone=\u00bb22px\u00bb header_2_font_size_last_edited=\u00bbon|phone\u00bb global_colors_info=\u00bb{}\u00bb text_font_size__hover=\u00bb14px\u00bb text_font_size__hover_enabled=\u00bb14px\u00bb text_letter_spacing__hover=\u00bb0px\u00bb text_letter_spacing__hover_enabled=\u00bb0px\u00bb text_line_height__hover=\u00bb1.7em\u00bb text_line_height__hover_enabled=\u00bb1.7em\u00bb text_text_shadow_style__hover=\u00bbnone\u00bb text_text_shadow_style__hover_enabled=\u00bbnone\u00bb text_text_shadow_color__hover=\u00bbrgba(0,0,0,0.4)\u00bb text_text_shadow_color__hover_enabled=\u00bbrgba(0,0,0,0.4)\u00bb link_font_size__hover=\u00bb14px\u00bb link_font_size__hover_enabled=\u00bb14px\u00bb link_letter_spacing__hover=\u00bb0px\u00bb link_letter_spacing__hover_enabled=\u00bb0px\u00bb link_line_height__hover=\u00bb1em\u00bb link_line_height__hover_enabled=\u00bb1em\u00bb link_text_shadow_style__hover=\u00bbnone\u00bb link_text_shadow_style__hover_enabled=\u00bbnone\u00bb link_text_shadow_color__hover=\u00bbrgba(0,0,0,0.4)\u00bb link_text_shadow_color__hover_enabled=\u00bbrgba(0,0,0,0.4)\u00bb ul_font_size__hover=\u00bb14px\u00bb ul_font_size__hover_enabled=\u00bb14px\u00bb ul_letter_spacing__hover=\u00bb0px\u00bb ul_letter_spacing__hover_enabled=\u00bb0px\u00bb ul_line_height__hover=\u00bb1em\u00bb ul_line_height__hover_enabled=\u00bb1em\u00bb ul_text_shadow_style__hover=\u00bbnone\u00bb ul_text_shadow_style__hover_enabled=\u00bbnone\u00bb ul_text_shadow_color__hover=\u00bbrgba(0,0,0,0.4)\u00bb ul_text_shadow_color__hover_enabled=\u00bbrgba(0,0,0,0.4)\u00bb ol_font_size__hover=\u00bb14px\u00bb ol_font_size__hover_enabled=\u00bb14px\u00bb ol_letter_spacing__hover=\u00bb0px\u00bb ol_letter_spacing__hover_enabled=\u00bb0px\u00bb ol_line_height__hover=\u00bb1em\u00bb ol_line_height__hover_enabled=\u00bb1em\u00bb ol_text_shadow_style__hover=\u00bbnone\u00bb ol_text_shadow_style__hover_enabled=\u00bbnone\u00bb ol_text_shadow_color__hover=\u00bbrgba(0,0,0,0.4)\u00bb ol_text_shadow_color__hover_enabled=\u00bbrgba(0,0,0,0.4)\u00bb quote_font_size__hover=\u00bb14px\u00bb quote_font_size__hover_enabled=\u00bb14px\u00bb quote_letter_spacing__hover=\u00bb0px\u00bb quote_letter_spacing__hover_enabled=\u00bb0px\u00bb quote_line_height__hover=\u00bb1em\u00bb quote_line_height__hover_enabled=\u00bb1em\u00bb quote_text_shadow_style__hover=\u00bbnone\u00bb quote_text_shadow_style__hover_enabled=\u00bbnone\u00bb quote_text_shadow_color__hover=\u00bbrgba(0,0,0,0.4)\u00bb quote_text_shadow_color__hover_enabled=\u00bbrgba(0,0,0,0.4)\u00bb text_orientation__hover=\u00bbleft\u00bb text_orientation__hover_enabled=\u00bbleft\u00bb background_layout__hover=\u00bblight\u00bb background_layout__hover_enabled=\u00bblight\u00bb]<\/p>\n<h2>Cont\u00e1ctenos<\/h2>\n<p>&nbsp;<\/p>\n<p>[\/et_pb_text][et_pb_blurb title=\u00bbTel\u00e9fono\u00bb use_icon=\u00bbon\u00bb font_icon=\u00bb&#xe090;||divi||400&#8243; icon_color=\u00bb#ffffff\u00bb icon_placement=\u00bbleft\u00bb image_icon_width=\u00bb18px\u00bb content_max_width=\u00bb100%\u00bb _builder_version=\u00bb4.22.1&#8243; header_font=\u00bbWork Sans|600||on|||||\u00bb header_font_size=\u00bb14px\u00bb header_letter_spacing=\u00bb2px\u00bb header_line_height=\u00bb1.2em\u00bb body_font=\u00bbWork Sans||||||||\u00bb body_font_size=\u00bb16px\u00bb body_line_height=\u00bb1.5em\u00bb background_layout=\u00bbdark\u00bb custom_margin=\u00bb||40px\u00bb animation=\u00bboff\u00bb body_font_size_tablet=\u00bb16px\u00bb body_font_size_phone=\u00bb14px\u00bb body_font_size_last_edited=\u00bbon|phone\u00bb icon_font_size=\u00bb18px\u00bb locked=\u00bboff\u00bb global_colors_info=\u00bb{}\u00bb body_font_size__hover=\u00bb14px\u00bb body_font_size__hover_enabled=\u00bb14px\u00bb]<\/p>\n<p>(507) 6298-4180<\/p>\n<p>[\/et_pb_blurb][et_pb_blurb title=\u00bbEmail\u00bb use_icon=\u00bbon\u00bb font_icon=\u00bb&#xe076;||divi||400&#8243; icon_color=\u00bb#ffffff\u00bb icon_placement=\u00bbleft\u00bb image_icon_width=\u00bb18px\u00bb content_max_width=\u00bb100%\u00bb _builder_version=\u00bb4.22.1&#8243; header_font=\u00bbWork Sans|600||on|||||\u00bb header_font_size=\u00bb14px\u00bb header_letter_spacing=\u00bb2px\u00bb header_line_height=\u00bb1.2em\u00bb body_font=\u00bbWork Sans||||||||\u00bb body_font_size=\u00bb16px\u00bb body_line_height=\u00bb1.5em\u00bb background_layout=\u00bbdark\u00bb custom_margin=\u00bb||40px\u00bb animation=\u00bboff\u00bb body_font_size_tablet=\u00bb16px\u00bb body_font_size_phone=\u00bb14px\u00bb body_font_size_last_edited=\u00bbon|phone\u00bb icon_font_size=\u00bb18px\u00bb locked=\u00bboff\u00bb global_colors_info=\u00bb{}\u00bb body_font_size__hover=\u00bb14px\u00bb body_font_size__hover_enabled=\u00bb14px\u00bb]<\/p>\n<p>info@fayimed.com<\/p>\n<p>[\/et_pb_blurb][et_pb_blurb title=\u00bbHorario\u00bb use_icon=\u00bbon\u00bb font_icon=\u00bb&#xe076;||divi||400&#8243; icon_color=\u00bb#ffffff\u00bb icon_placement=\u00bbleft\u00bb image_icon_width=\u00bb18px\u00bb content_max_width=\u00bb100%\u00bb _builder_version=\u00bb4.22.1&#8243; header_font=\u00bbWork Sans|600||on|||||\u00bb header_font_size=\u00bb14px\u00bb header_letter_spacing=\u00bb2px\u00bb header_line_height=\u00bb1.2em\u00bb body_font=\u00bbWork Sans||||||||\u00bb body_font_size=\u00bb16px\u00bb body_line_height=\u00bb1.5em\u00bb background_layout=\u00bbdark\u00bb custom_margin=\u00bb||40px\u00bb animation=\u00bboff\u00bb body_font_size_tablet=\u00bb16px\u00bb body_font_size_phone=\u00bb14px\u00bb body_font_size_last_edited=\u00bbon|phone\u00bb icon_font_size=\u00bb18px\u00bb locked=\u00bboff\u00bb global_colors_info=\u00bb{}\u00bb body_font_size__hover=\u00bb14px\u00bb body_font_size__hover_enabled=\u00bb14px\u00bb]<\/p>\n<p>Lun-Vie: 8am-5pm<br \/>S\u00e1b: 8am-1pm<\/p>\n<p>[\/et_pb_blurb][\/et_pb_column_inner][\/et_pb_row_inner][et_pb_row_inner _builder_version=\u00bb4.16&#8243; global_colors_info=\u00bb{}\u00bb][et_pb_column_inner saved_specialty_column_type=\u00bb1_2&#8243; _builder_version=\u00bb4.16&#8243; custom_padding=\u00bb|||\u00bb global_colors_info=\u00bb{}\u00bb parallax__hover=\u00bboff\u00bb parallax_method__hover=\u00bbon\u00bb custom_padding__hover=\u00bb|||\u00bb][\/et_pb_column_inner][\/et_pb_row_inner][\/et_pb_column][\/et_pb_section]<\/p>\n","protected":false},"excerpt":{"rendered":"<p>Pr\u00f3ximamente Estamos trabajando en nuestra p\u00e1gina web para ofrecerle equipos e insumos m\u00e9dicos de calidad.Ciudad de Panam\u00e1, Rep. de Panam\u00e1Cont\u00e1ctenos &nbsp;(507) 6298-4180info@fayimed.comLun-Vie: 8am-5pmS\u00e1b: 8am-1pm<\/p>\n","protected":false},"author":1,"featured_media":0,"parent":0,"menu_order":0,"comment_status":"closed","ping_status":"closed","template":"","meta":{"_et_pb_use_builder":"on","_et_pb_old_content":"","_et_gb_content_width":"","footnotes":""},"class_list":["post-7","page","type-page","status-publish","hentry"],"_links":{"self":[{"href":"https:\/\/fayimed.com\/index.php\/wp-json\/wp\/v2\/pages\/7","targetHints":{"allow":["GET"]}}],"collection":[{"href":"https:\/\/fayimed.com\/index.php\/wp-json\/wp\/v2\/pages"}],"about":[{"href":"https:\/\/fayimed.com\/index.php\/wp-json\/wp\/v2\/types\/page"}],"author":[{"embeddable":true,"href":"https:\/\/fayimed.com\/index.php\/wp-json\/wp\/v2\/users\/1"}],"replies":[{"embeddable":true,"href":"https:\/\/fayimed.com\/index.php\/wp-json\/wp\/v2\/comments?post=7"}],"version-history":[{"count":3,"href":"https:\/\/fayimed.com\/index.php\/wp-json\/wp\/v2\/pages\/7\/revisions"}],"predecessor-version":[{"id":31,"href":"https:\/\/fayimed.com\/index.php\/wp-json\/wp\/v2\/pages\/7\/revisions\/31"}],"wp:attachment":[{"href":"https:\/\/fayimed.com\/index.php\/wp-json\/wp\/v2\/media?parent=7"}],"curies":[{"name":"wp","href":"https:\/\/api.w.org\/{rel}","templated":true}]}}